{"id":3,"date":"2023-08-20T09:41:15","date_gmt":"2023-08-20T09:41:15","guid":{"rendered":"https:\/\/grazynazmudapsychoterapia.pl\/gzp\/?page_id=3"},"modified":"2023-12-06T10:54:22","modified_gmt":"2023-12-06T10:54:22","slug":"privacy-policy","status":"publish","type":"page","link":"https:\/\/grazynazmudapsychoterapia.pl\/gzp\/?page_id=3","title":{"rendered":"Polityka prywatno\u015bci"},"content":{"rendered":"\n<h3 class=\"wp-block-heading\">Ciasteczka<\/h3>\n\n\n\n<p>Aby Twoje do\u015bwiadczenia z korzystania z mojej witryny by\u0142y jak najlepsze u\u017cywam ciasteczek, tzw. plik\u00f3w cookie. Je\u015bli korzystasz z mojej witryny rozumiem, \u017ce zgadzasz si\u0119 na ich stosowanie. Ka\u017cde ciasteczko prowadzi mnie ku poprawie funkcjonowania witryny i dostosowania jej pod Twoje potrzeby. <\/p>\n\n\n\n<h3 class=\"wp-block-heading\">Polityka prywatno\u015bci<\/h3>\n\n\n\n<ol class=\"wp-block-list\">\n<li>Informacje og\u00f3lne\n<ol class=\"wp-block-list\">\n<li>Niniejsza Polityka Prywatno\u015bci strony grazynazmudapsychoterapia.pl (zwanej dalej Stron\u0105) okre\u015bla spos\u00f3b pozyskiwania, przetwarzania oraz zabezpieczania danych osobowych w rozumieniu ustawy o ochronie danych osobowych z dnia 10 maja 2018 roku oraz ustawy o \u015bwiadczeniu us\u0142ug drog\u0105 elektroniczn\u0105 z dnia 18 lipca 2002 roku.<\/li>\n\n\n\n<li>W\u0142a\u015bcicielem niniejszej Strony oraz administratorem danych osobowych jest Gra\u017cyna \u017bmuda prowadz\u0105ca stron\u0119 grazynazmudapsychoterapia.pl.<\/li>\n<\/ol>\n<\/li>\n\n\n\n<li>Dane osobowe\n<ol class=\"wp-block-list\">\n<li>Strona zbiera informacje podane dobrowolnie przez u\u017cytkownika.<\/li>\n\n\n\n<li>Dane osobowe s\u0105 pozyskiwane podczas wype\u0142niania formularza kontaktu.<\/li>\n\n\n\n<li>Dane osobowe s\u0105 wykorzystywane wy\u0142\u0105cznie w celu kontaktu zwrotnego.<\/li>\n\n\n\n<li>Zawarto\u015b\u0107 Strony mo\u017cna przegl\u0105da\u0107 bez podawania jakichkolwiek danych osobowych.<\/li>\n\n\n\n<li>Ka\u017cda osoba, kt\u00f3ra udost\u0119pni\u0142a swoje dane osobowe ma prawo do dost\u0119pu do ich tre\u015bci oraz mo\u017cliwo\u015b\u0107 ich poprawiania, uaktualniania, uzupe\u0142niania, jak i r\u00f3wnie\u017c \u017c\u0105dania zaprzestania przetwarzania danych osobowych oraz wniesienia sprzeciwu wobec przetwarzania danych osobowych. Wymienione czynno\u015bci mo\u017cna dokona\u0107 poprzez wys\u0142anie stosownego o\u015bwiadczenia na adres e-mail: grazynazmuda72@gmail.com<\/li>\n\n\n\n<li>Pozyskane przez administratora dane osobowe s\u0105 przechowywane, przetwarzane i chronione zgodnie z obowi\u0105zuj\u0105cymi przepisami prawa. Zbi\u00f3r danych osobowych zosta\u0142 zg\u0142oszony do Urz\u0119du Ochrony Danych Osobowych (uodo.gov.pl)<\/li>\n\n\n\n<li>Administrator chroni zgromadzone dane osobowe korzystaj\u0105c z nast\u0119puj\u0105cych \u015brodk\u00f3w:\n<ol class=\"wp-block-list\">\n<li>szyfrowanie danych s\u0142u\u017c\u0105cych do kontaktu,<\/li>\n\n\n\n<li>zabezpieczenie zbioru danych przed nieuprawnionym dost\u0119pem.<\/li>\n<\/ol>\n<\/li>\n<\/ol>\n<\/li>\n\n\n\n<li>Informacja o plikach cookies.\n<ol class=\"wp-block-list\">\n<li>Serwis korzysta z plik\u00f3w cookies.<\/li>\n\n\n\n<li>Pliki cookies (tzw. \u201eciasteczka\u201d) stanowi\u0105 dane informatyczne, w szczeg\u00f3lno\u015bci pliki tekstowe, kt\u00f3re przechowywane s\u0105 w urz\u0105dzeniu ko\u0144cowym U\u017cytkownika Serwisu i przeznaczone s\u0105 do korzystania ze Strony. Cookies zazwyczaj zawieraj\u0105 nazw\u0119 strony internetowej, z kt\u00f3rej pochodz\u0105, czas przechowywania ich na urz\u0105dzeniu ko\u0144cowym oraz unikalny numer.<\/li>\n\n\n\n<li>Podmiotem zamieszczaj\u0105cym na urz\u0105dzeniu ko\u0144cowym U\u017cytkownika Strony pliki cookies oraz uzyskuj\u0105cym do nich dost\u0119p jest operator Strony.<\/li>\n\n\n\n<li>Pliki cookies wykorzystywane s\u0105 w nast\u0119puj\u0105cych celach:\n<ol class=\"wp-block-list\">\n<li>tworzenia statystyk, kt\u00f3re pomagaj\u0105 zrozumie\u0107, w jaki spos\u00f3b U\u017cytkownicy Strony korzystaj\u0105 z niej, co umo\u017cliwia ulepszanie jej struktury i zawarto\u015bci,<\/li>\n\n\n\n<li>utrzymania sesji U\u017cytkownika Strony,<\/li>\n\n\n\n<li>okre\u015blania profilu u\u017cytkownika w celu wy\u015bwietlania mu dopasowanych materia\u0142\u00f3w w sieciach reklamowych, w szczeg\u00f3lno\u015bci sieci Google.<\/li>\n\n\n\n<li>W ramach Strony stosowane s\u0105 dwa zasadnicze rodzaje plik\u00f3w cookies: \u201esesyjne\u201d (session cookies) oraz \u201esta\u0142e\u201d (persistent cookies). Cookies \u201esesyjne\u201d s\u0105 plikami tymczasowymi, kt\u00f3re przechowywane s\u0105 w urz\u0105dzeniu ko\u0144cowym U\u017cytkownika do czasu wylogowania, opuszczenia strony internetowej lub wy\u0142\u0105czenia oprogramowania (przegl\u0105darki internetowej). \u201eSta\u0142e\u201d pliki cookies przechowywane s\u0105 w urz\u0105dzeniu ko\u0144cowym U\u017cytkownika przez czas okre\u015blony w parametrach plik\u00f3w cookies lub do czasu ich usuni\u0119cia przez U\u017cytkownika.<\/li>\n\n\n\n<li>Oprogramowanie do przegl\u0105dania stron internetowych (przegl\u0105darka internetowa) zazwyczaj domy\u015blnie dopuszcza przechowywanie plik\u00f3w cookies w urz\u0105dzeniu ko\u0144cowym U\u017cytkownika. U\u017cytkownicy&nbsp; Strony mog\u0105 dokona\u0107 zmiany ustawie\u0144 w tym zakresie. Przegl\u0105darka internetowa umo\u017cliwia usuni\u0119cie plik\u00f3w cookies. Mo\u017cliwe jest tak\u017ce automatyczne blokowanie plik\u00f3w cookies. Szczeg\u00f3\u0142owe informacje na ten temat zawiera pomoc lub dokumentacja przegl\u0105darki internetowej.<\/li>\n\n\n\n<li>Ograniczenia stosowania plik\u00f3w cookies mog\u0105 wp\u0142yn\u0105\u0107 na niekt\u00f3re funkcjonalno\u015bci dost\u0119pne na Stronie.<\/li>\n\n\n\n<li>Pliki cookies zamieszczane w urz\u0105dzeniu ko\u0144cowym U\u017cytkownika Strony i wykorzystywane mog\u0105 by\u0107 r\u00f3wnie\u017c przez wsp\u00f3\u0142pracuj\u0105cych z operatorem Strony reklamodawc\u00f3w oraz partner\u00f3w.<\/li>\n\n\n\n<li>Zalecamy przeczytanie polityki ochrony prywatno\u015bci tych firm, aby pozna\u0107 zasady korzystania z plik\u00f3w cookies wykorzystywane w statystykach: <a href=\"https:\/\/policies.google.com\/privacy?hl=pl\">Polityka ochrony prywatno\u015bci Google Analytics<\/a>.<\/li>\n\n\n\n<li>Pliki cookies mog\u0105 by\u0107 wykorzystane przez sieci reklamowe, w szczeg\u00f3lno\u015bci sie\u0107 Google, do wy\u015bwietlenia reklam dopasowanych do sposobu, w jaki u\u017cytkownik korzysta ze Strony. W tym celu mog\u0105 zachowa\u0107 informacj\u0119 o \u015bcie\u017cce nawigacji u\u017cytkownika lub czasie pozostawania na danej stronie.<\/li>\n\n\n\n<li>W zakresie informacji o preferencjach u\u017cytkownika gromadzonych przez sie\u0107 reklamow\u0105 Google u\u017cytkownik mo\u017ce przegl\u0105da\u0107 i edytowa\u0107 informacje wynikaj\u0105ce z plik\u00f3w cookies przy pomocy narz\u0119dzia: <a href=\"https:\/\/www.google.com\/ads\/preferences\/\">https:\/\/www.google.com\/ads\/preferences\/<\/a><\/li>\n<\/ol>\n<\/li>\n<\/ol>\n<\/li>\n\n\n\n<li>Zarz\u0105dzanie plikami cookies \u2013 jak w praktyce wyra\u017ca\u0107 i cofa\u0107 zgod\u0119?\n<ol class=\"wp-block-list\">\n<li>Je\u015bli u\u017cytkownik nie chce otrzymywa\u0107 plik\u00f3w cookies, mo\u017ce zmieni\u0107 ustawienia przegl\u0105darki. Zastrzegamy, \u017ce wy\u0142\u0105czenie obs\u0142ugi plik\u00f3w cookies niezb\u0119dnych dla proces\u00f3w uwierzytelniania, bezpiecze\u0144stwa, utrzymania preferencji u\u017cytkownika mo\u017ce utrudni\u0107, a w skrajnych przypadkach mo\u017ce uniemo\u017cliwi\u0107 korzystanie ze Strony.<\/li>\n\n\n\n<li>W celu zarz\u0105dzania ustawieniami cookies wybierz z listy poni\u017cej przegl\u0105dark\u0119 internetow\u0105 i post\u0119puj zgodnie z instrukcjami:\n<ol class=\"wp-block-list\">\n<li><a href=\"https:\/\/support.microsoft.com\/pl-pl\/microsoft-edge\/usuwanie-plik%C3%B3w-cookie-w-przegl%C4%85darce-microsoft-edge-63947406-40ac-c3b8-57b9-2a946a29ae09\">Edge<\/a><\/li>\n\n\n\n<li><a href=\"https:\/\/support.google.com\/chrome\/answer\/95647?hl=pl&amp;co=GENIE.Platform%3DDesktop\">Chrome<\/a><\/li>\n\n\n\n<li><a href=\"https:\/\/support.apple.com\/pl-pl\/guide\/safari\/sfri11471\/mac\">Safari<\/a><\/li>\n\n\n\n<li><a href=\"https:\/\/support.mozilla.org\/pl\/kb\/ciasteczka\">Firefox<\/a><\/li>\n\n\n\n<li><a href=\"https:\/\/help.opera.com\/pl\/latest\/web-preferences\/\">Opera<\/a><\/li>\n<\/ol>\n<\/li>\n<\/ol>\n<\/li>\n\n\n\n<li>Udost\u0119pnienie danych.\n<ol class=\"wp-block-list\">\n<li>Dane podlegaj\u0105 udost\u0119pnieniu podmiotom zewn\u0119trznym wy\u0142\u0105cznie w granicach prawnie dozwolonych.<\/li>\n\n\n\n<li>Operator mo\u017ce mie\u0107 obowi\u0105zek udzielania informacji zebranych przez Stron\u0119 upowa\u017cnionym organom na podstawie zgodnych z prawem \u017c\u0105da\u0144 w zakresie wynikaj\u0105cym z \u017c\u0105dania.<\/li>\n<\/ol>\n<\/li>\n\n\n\n<li>Postanowienia ko\u0144cowe.\n<ol class=\"wp-block-list\">\n<li>Administrator ma prawo do zmian w niniejszej Polityce Prywatno\u015bci. Osoby udost\u0119pniaj\u0105ce swoje dane osobowe obowi\u0105zuje aktualnie obowi\u0105zuj\u0105ca wersja Polityki Prywatno\u015bci, dost\u0119pna na stronie <a href=\"https:\/\/grazynazmudapsychoterapia.pl\/gzp\/?page_id=3\">grazynazmudapsychoterapia.pl\/polityka-prywatnosci\/<\/a><\/li>\n\n\n\n<li>W sprawach nieuregulowanych niniejsz\u0105 Polityk\u0105 Prywatno\u015bci stosuje si\u0119 obowi\u0105zuj\u0105ce przepisy prawa polskiego.<\/li>\n<\/ol>\n<\/li>\n<\/ol>\n","protected":false},"excerpt":{"rendered":"<p>Ciasteczka Aby Twoje do\u015bwiadczenia z korzystania z mojej witryny by\u0142y jak najlepsze u\u017cywam ciasteczek, tzw. plik\u00f3w cookie. Je\u015bli korzystasz z mojej witryny rozumiem, \u017ce zgadzasz si\u0119 na ich stosowanie. Ka\u017cde ciasteczko prowadzi mnie ku poprawie funkcjonowania witryny i dostosowania jej pod Twoje potrzeby. Polityka prywatno\u015bci<\/p>\n","protected":false},"author":1,"featured_media":0,"parent":0,"menu_order":0,"comment_status":"closed","ping_status":"open","template":"","meta":{"footnotes":""},"folder":[],"class_list":["post-3","page","type-page","status-publish","hentry"],"yoast_head":"<!-- This site is optimized with the Yoast SEO plugin v27.4 - https:\/\/yoast.com\/product\/yoast-seo-wordpress\/ -->\n<title>Polityka prywatno\u015bci - Gra\u017cyna \u017bmuda Psychoterapia<\/title>\n<meta name=\"robots\" content=\"index, follow, max-snippet:-1, max-image-preview:large, max-video-preview:-1\" \/>\n<link rel=\"canonical\" href=\"https:\/\/grazynazmudapsychoterapia.pl\/gzp\/?page_id=3\" \/>\n<meta property=\"og:locale\" content=\"pl_PL\" \/>\n<meta property=\"og:type\" content=\"article\" \/>\n<meta property=\"og:title\" content=\"Polityka prywatno\u015bci - Gra\u017cyna \u017bmuda Psychoterapia\" \/>\n<meta property=\"og:description\" content=\"Ciasteczka Aby Twoje do\u015bwiadczenia z korzystania z mojej witryny by\u0142y jak najlepsze u\u017cywam ciasteczek, tzw. plik\u00f3w cookie. Je\u015bli korzystasz z mojej witryny rozumiem, \u017ce zgadzasz si\u0119 na ich stosowanie. Ka\u017cde ciasteczko prowadzi mnie ku poprawie funkcjonowania witryny i dostosowania jej pod Twoje potrzeby. Polityka prywatno\u015bci\" \/>\n<meta property=\"og:url\" content=\"https:\/\/grazynazmudapsychoterapia.pl\/gzp\/?page_id=3\" \/>\n<meta property=\"og:site_name\" content=\"Gra\u017cyna \u017bmuda Psychoterapia\" \/>\n<meta property=\"article:modified_time\" content=\"2023-12-06T10:54:22+00:00\" \/>\n<meta name=\"twitter:card\" content=\"summary_large_image\" \/>\n<meta name=\"twitter:label1\" content=\"Szacowany czas czytania\" \/>\n\t<meta name=\"twitter:data1\" content=\"5 minut\" \/>\n<script type=\"application\/ld+json\" class=\"yoast-schema-graph\">{\"@context\":\"https:\\\/\\\/schema.org\",\"@graph\":[{\"@type\":\"WebPage\",\"@id\":\"https:\\\/\\\/grazynazmudapsychoterapia.pl\\\/gzp\\\/?page_id=3\",\"url\":\"https:\\\/\\\/grazynazmudapsychoterapia.pl\\\/gzp\\\/?page_id=3\",\"name\":\"Polityka prywatno\u015bci - Gra\u017cyna \u017bmuda Psychoterapia\",\"isPartOf\":{\"@id\":\"https:\\\/\\\/grazynazmudapsychoterapia.pl\\\/gzp\\\/#website\"},\"datePublished\":\"2023-08-20T09:41:15+00:00\",\"dateModified\":\"2023-12-06T10:54:22+00:00\",\"breadcrumb\":{\"@id\":\"https:\\\/\\\/grazynazmudapsychoterapia.pl\\\/gzp\\\/?page_id=3#breadcrumb\"},\"inLanguage\":\"pl-PL\",\"potentialAction\":[{\"@type\":\"ReadAction\",\"target\":[\"https:\\\/\\\/grazynazmudapsychoterapia.pl\\\/gzp\\\/?page_id=3\"]}]},{\"@type\":\"BreadcrumbList\",\"@id\":\"https:\\\/\\\/grazynazmudapsychoterapia.pl\\\/gzp\\\/?page_id=3#breadcrumb\",\"itemListElement\":[{\"@type\":\"ListItem\",\"position\":1,\"name\":\"Strona g\u0142\u00f3wna\",\"item\":\"https:\\\/\\\/grazynazmudapsychoterapia.pl\\\/gzp\\\/\"},{\"@type\":\"ListItem\",\"position\":2,\"name\":\"Polityka prywatno\u015bci\"}]},{\"@type\":\"WebSite\",\"@id\":\"https:\\\/\\\/grazynazmudapsychoterapia.pl\\\/gzp\\\/#website\",\"url\":\"https:\\\/\\\/grazynazmudapsychoterapia.pl\\\/gzp\\\/\",\"name\":\"Gra\u017cyna \u017bmuda Psychoterapia\",\"description\":\"\",\"potentialAction\":[{\"@type\":\"SearchAction\",\"target\":{\"@type\":\"EntryPoint\",\"urlTemplate\":\"https:\\\/\\\/grazynazmudapsychoterapia.pl\\\/gzp\\\/?s={search_term_string}\"},\"query-input\":{\"@type\":\"PropertyValueSpecification\",\"valueRequired\":true,\"valueName\":\"search_term_string\"}}],\"inLanguage\":\"pl-PL\"}]}<\/script>\n<!-- \/ Yoast SEO plugin. -->","yoast_head_json":{"title":"Polityka prywatno\u015bci - Gra\u017cyna \u017bmuda Psychoterapia","robots":{"index":"index","follow":"follow","max-snippet":"max-snippet:-1","max-image-preview":"max-image-preview:large","max-video-preview":"max-video-preview:-1"},"canonical":"https:\/\/grazynazmudapsychoterapia.pl\/gzp\/?page_id=3","og_locale":"pl_PL","og_type":"article","og_title":"Polityka prywatno\u015bci - Gra\u017cyna \u017bmuda Psychoterapia","og_description":"Ciasteczka Aby Twoje do\u015bwiadczenia z korzystania z mojej witryny by\u0142y jak najlepsze u\u017cywam ciasteczek, tzw. plik\u00f3w cookie. Je\u015bli korzystasz z mojej witryny rozumiem, \u017ce zgadzasz si\u0119 na ich stosowanie. Ka\u017cde ciasteczko prowadzi mnie ku poprawie funkcjonowania witryny i dostosowania jej pod Twoje potrzeby. Polityka prywatno\u015bci","og_url":"https:\/\/grazynazmudapsychoterapia.pl\/gzp\/?page_id=3","og_site_name":"Gra\u017cyna \u017bmuda Psychoterapia","article_modified_time":"2023-12-06T10:54:22+00:00","twitter_card":"summary_large_image","twitter_misc":{"Szacowany czas czytania":"5 minut"},"schema":{"@context":"https:\/\/schema.org","@graph":[{"@type":"WebPage","@id":"https:\/\/grazynazmudapsychoterapia.pl\/gzp\/?page_id=3","url":"https:\/\/grazynazmudapsychoterapia.pl\/gzp\/?page_id=3","name":"Polityka prywatno\u015bci - Gra\u017cyna \u017bmuda Psychoterapia","isPartOf":{"@id":"https:\/\/grazynazmudapsychoterapia.pl\/gzp\/#website"},"datePublished":"2023-08-20T09:41:15+00:00","dateModified":"2023-12-06T10:54:22+00:00","breadcrumb":{"@id":"https:\/\/grazynazmudapsychoterapia.pl\/gzp\/?page_id=3#breadcrumb"},"inLanguage":"pl-PL","potentialAction":[{"@type":"ReadAction","target":["https:\/\/grazynazmudapsychoterapia.pl\/gzp\/?page_id=3"]}]},{"@type":"BreadcrumbList","@id":"https:\/\/grazynazmudapsychoterapia.pl\/gzp\/?page_id=3#breadcrumb","itemListElement":[{"@type":"ListItem","position":1,"name":"Strona g\u0142\u00f3wna","item":"https:\/\/grazynazmudapsychoterapia.pl\/gzp\/"},{"@type":"ListItem","position":2,"name":"Polityka prywatno\u015bci"}]},{"@type":"WebSite","@id":"https:\/\/grazynazmudapsychoterapia.pl\/gzp\/#website","url":"https:\/\/grazynazmudapsychoterapia.pl\/gzp\/","name":"Gra\u017cyna \u017bmuda Psychoterapia","description":"","potentialAction":[{"@type":"SearchAction","target":{"@type":"EntryPoint","urlTemplate":"https:\/\/grazynazmudapsychoterapia.pl\/gzp\/?s={search_term_string}"},"query-input":{"@type":"PropertyValueSpecification","valueRequired":true,"valueName":"search_term_string"}}],"inLanguage":"pl-PL"}]}},"_links":{"self":[{"href":"https:\/\/grazynazmudapsychoterapia.pl\/gzp\/index.php?rest_route=\/wp\/v2\/pages\/3","targetHints":{"allow":["GET"]}}],"collection":[{"href":"https:\/\/grazynazmudapsychoterapia.pl\/gzp\/index.php?rest_route=\/wp\/v2\/pages"}],"about":[{"href":"https:\/\/grazynazmudapsychoterapia.pl\/gzp\/index.php?rest_route=\/wp\/v2\/types\/page"}],"author":[{"embeddable":true,"href":"https:\/\/grazynazmudapsychoterapia.pl\/gzp\/index.php?rest_route=\/wp\/v2\/users\/1"}],"replies":[{"embeddable":true,"href":"https:\/\/grazynazmudapsychoterapia.pl\/gzp\/index.php?rest_route=%2Fwp%2Fv2%2Fcomments&post=3"}],"version-history":[{"count":3,"href":"https:\/\/grazynazmudapsychoterapia.pl\/gzp\/index.php?rest_route=\/wp\/v2\/pages\/3\/revisions"}],"predecessor-version":[{"id":516,"href":"https:\/\/grazynazmudapsychoterapia.pl\/gzp\/index.php?rest_route=\/wp\/v2\/pages\/3\/revisions\/516"}],"wp:attachment":[{"href":"https:\/\/grazynazmudapsychoterapia.pl\/gzp\/index.php?rest_route=%2Fwp%2Fv2%2Fmedia&parent=3"}],"wp:term":[{"taxonomy":"folder","embeddable":true,"href":"https:\/\/grazynazmudapsychoterapia.pl\/gzp\/index.php?rest_route=%2Fwp%2Fv2%2Ffolder&post=3"}],"curies":[{"name":"wp","href":"https:\/\/api.w.org\/{rel}","templated":true}]}}